{"id":4697,"date":"2025-07-03T16:13:53","date_gmt":"2025-07-03T21:13:53","guid":{"rendered":"https:\/\/www.agriculturaenmarcha.com\/?page_id=4697"},"modified":"2025-07-03T16:26:40","modified_gmt":"2025-07-03T21:26:40","slug":"miguel-angel-palomino-rebaza","status":"publish","type":"page","link":"https:\/\/www.agriculturaenmarcha.com\/index.php\/miguel-angel-palomino-rebaza\/","title":{"rendered":"Miguel \u00c1ngel Palomino Rebaza"},"content":{"rendered":"\t\t<div data-elementor-type=\"wp-page\" data-elementor-id=\"4697\" class=\"elementor elementor-4697\">\n\t\t\t\t<div class=\"elementor-element elementor-element-1e57133 e-flex e-con-boxed e-con e-parent\" data-id=\"1e57133\" data-element_type=\"container\">\n\t\t\t\t\t<div class=\"e-con-inner\">\n\t\t<div class=\"elementor-element elementor-element-13f2792 e-con-full e-flex e-con e-child\" data-id=\"13f2792\" data-element_type=\"container\">\n\t\t\t\t<div class=\"elementor-element elementor-element-f71208a elementor-widget elementor-widget-image\" data-id=\"f71208a\" data-element_type=\"widget\" data-widget_type=\"image.default\">\n\t\t\t\t<div class=\"elementor-widget-container\">\n\t\t\t\t\t\t\t\t\t\t\t\t\t\t\t<img fetchpriority=\"high\" decoding=\"async\" width=\"640\" height=\"360\" src=\"https:\/\/www.agriculturaenmarcha.com\/wp-content\/uploads\/2025\/07\/miguelpalomino-01-1024x576.jpg\" class=\"attachment-large size-large wp-image-4726\" alt=\"\" srcset=\"https:\/\/www.agriculturaenmarcha.com\/wp-content\/uploads\/2025\/07\/miguelpalomino-01-1024x576.jpg 1024w, https:\/\/www.agriculturaenmarcha.com\/wp-content\/uploads\/2025\/07\/miguelpalomino-01-300x169.jpg 300w, https:\/\/www.agriculturaenmarcha.com\/wp-content\/uploads\/2025\/07\/miguelpalomino-01-768x432.jpg 768w, https:\/\/www.agriculturaenmarcha.com\/wp-content\/uploads\/2025\/07\/miguelpalomino-01-1536x864.jpg 1536w, https:\/\/www.agriculturaenmarcha.com\/wp-content\/uploads\/2025\/07\/miguelpalomino-01-600x337.jpg 600w, https:\/\/www.agriculturaenmarcha.com\/wp-content\/uploads\/2025\/07\/miguelpalomino-01.jpg 1545w\" sizes=\"(max-width: 640px) 100vw, 640px\" \/>\t\t\t\t\t\t\t\t\t\t\t\t\t\t\t<\/div>\n\t\t\t\t<\/div>\n\t\t\t\t<\/div>\n\t\t<div class=\"elementor-element elementor-element-0d2a4e0 e-con-full e-flex e-con e-child\" data-id=\"0d2a4e0\" data-element_type=\"container\">\n\t\t<div class=\"elementor-element elementor-element-6facd8e e-con-full e-flex e-con e-child\" data-id=\"6facd8e\" data-element_type=\"container\">\n\t\t\t\t<div class=\"elementor-element elementor-element-ad56939 elementor-widget elementor-widget-heading\" data-id=\"ad56939\" data-element_type=\"widget\" data-widget_type=\"heading.default\">\n\t\t\t\t<div class=\"elementor-widget-container\">\n\t\t\t\t\t<h2 class=\"elementor-heading-title elementor-size-default\">Periodista con alma de agricultor, voz del campo peruano<\/h2>\t\t\t\t<\/div>\n\t\t\t\t<\/div>\n\t\t\t\t<\/div>\n\t\t<div class=\"elementor-element elementor-element-6a87901 e-con-full e-flex e-con e-child\" data-id=\"6a87901\" data-element_type=\"container\">\n\t\t\t\t<div class=\"elementor-element elementor-element-566d08a elementor-widget elementor-widget-text-editor\" data-id=\"566d08a\" data-element_type=\"widget\" data-widget_type=\"text-editor.default\">\n\t\t\t\t<div class=\"elementor-widget-container\">\n\t\t\t\t\t\t\t\t\t<p>Con m\u00e1s de dos d\u00e9cadas en el ejercicio period\u00edstico, mi compromiso naci\u00f3<br \/>desde los micr\u00f3fonos de Radio Studio 54 en el programa period\u00edstico<br \/>Testimonio, pas\u00f3 por las redacciones de El Diario de Chimbote, y continu\u00f3 en<br \/>RTCH, Karibe\u00f1a y hoy en d\u00eda en Radio Santo Domingo (RSD), donde sigue<br \/>latiendo fuerte el coraz\u00f3n de Agricultura en Marcha.<\/p>\t\t\t\t\t\t\t\t<\/div>\n\t\t\t\t<\/div>\n\t\t\t\t<\/div>\n\t\t\t\t<\/div>\n\t\t\t\t\t<\/div>\n\t\t\t\t<\/div>\n\t\t<div class=\"elementor-element elementor-element-8b0a613 e-flex e-con-boxed e-con e-parent\" data-id=\"8b0a613\" data-element_type=\"container\">\n\t\t\t\t\t<div class=\"e-con-inner\">\n\t\t<div class=\"elementor-element elementor-element-4d797bf e-con-full e-flex e-con e-child\" data-id=\"4d797bf\" data-element_type=\"container\">\n\t\t\t\t<div class=\"elementor-element elementor-element-4eb6ad7 elementor-widget elementor-widget-image\" data-id=\"4eb6ad7\" data-element_type=\"widget\" data-widget_type=\"image.default\">\n\t\t\t\t<div class=\"elementor-widget-container\">\n\t\t\t\t\t\t\t\t\t\t\t\t\t\t\t<img decoding=\"async\" width=\"640\" height=\"360\" src=\"https:\/\/www.agriculturaenmarcha.com\/wp-content\/uploads\/2025\/07\/miguelpalomino-02-1024x576.jpg\" class=\"attachment-large size-large wp-image-4730\" alt=\"\" srcset=\"https:\/\/www.agriculturaenmarcha.com\/wp-content\/uploads\/2025\/07\/miguelpalomino-02-1024x576.jpg 1024w, https:\/\/www.agriculturaenmarcha.com\/wp-content\/uploads\/2025\/07\/miguelpalomino-02-300x169.jpg 300w, https:\/\/www.agriculturaenmarcha.com\/wp-content\/uploads\/2025\/07\/miguelpalomino-02-768x432.jpg 768w, https:\/\/www.agriculturaenmarcha.com\/wp-content\/uploads\/2025\/07\/miguelpalomino-02-1536x864.jpg 1536w, https:\/\/www.agriculturaenmarcha.com\/wp-content\/uploads\/2025\/07\/miguelpalomino-02-600x337.jpg 600w, https:\/\/www.agriculturaenmarcha.com\/wp-content\/uploads\/2025\/07\/miguelpalomino-02.jpg 1545w\" sizes=\"(max-width: 640px) 100vw, 640px\" \/>\t\t\t\t\t\t\t\t\t\t\t\t\t\t\t<\/div>\n\t\t\t\t<\/div>\n\t\t\t\t<\/div>\n\t\t<div class=\"elementor-element elementor-element-8682be8 e-con-full e-flex e-con e-child\" data-id=\"8682be8\" data-element_type=\"container\">\n\t\t<div class=\"elementor-element elementor-element-3a5297e e-con-full e-flex e-con e-child\" data-id=\"3a5297e\" data-element_type=\"container\">\n\t\t\t\t<div class=\"elementor-element elementor-element-e6938a5 elementor-widget elementor-widget-text-editor\" data-id=\"e6938a5\" data-element_type=\"widget\" data-widget_type=\"text-editor.default\">\n\t\t\t\t<div class=\"elementor-widget-container\">\n\t\t\t\t\t\t\t\t\t<p>Este camino no lo recorr\u00ed solo: fue a pedido de los estudiantes pioneros de Agronom\u00eda de la Universidad Nacional del Santa, quienes confiaron en mi voz para representar a los agricultores del Valle Santa, Lacramarca, Nepe\u00f1a,<br \/>Casma y Huarmey. Porque siempre he estado \u2013y estar\u00e9\u2013 donde se escuche la\u00a0verdad del campo.<\/p>\t\t\t\t\t\t\t\t<\/div>\n\t\t\t\t<\/div>\n\t\t\t\t<\/div>\n\t\t<div class=\"elementor-element elementor-element-d5b054d e-con-full e-flex e-con e-child\" data-id=\"d5b054d\" data-element_type=\"container\">\n\t\t\t\t<div class=\"elementor-element elementor-element-ddf3568 elementor-widget elementor-widget-text-editor\" data-id=\"ddf3568\" data-element_type=\"widget\" data-widget_type=\"text-editor.default\">\n\t\t\t\t<div class=\"elementor-widget-container\">\n\t\t\t\t\t\t\t\t\t<p>Reportero, redactor, miembro registrado de la Federaci\u00f3n de Periodistas del Per\u00fa (FPP 8808) Conciliador Extrajudicial | Estudios de Derecho culminados<br \/>Reconocimiento oficial del Congreso de la Rep\u00fablica por los 20 a\u00f1os de<br \/>Agricultura en Marcha Pluma Dorada del Centro Federado de Periodistas de Chimbote.<\/p><p>Soy parte viva de la historia del agro en \u00c1ncash y del Per\u00fa. A lo largo de los a\u00f1os he sido testigo y voz de cada gesta, cada reclamo, cada lucha agraria.<br \/>Agricultura en Marcha no es solo un programa, es una tribuna de esperanza. Y all\u00ed, siempre me encontrar\u00e1n para canalizar, visibilizar y acompa\u00f1ar las aspiraciones de nuestros agricultores.<\/p><p>Porque informar no basta, hay que sentir, entender y luchar al lado del agricultor.<\/p><p>\u00a0<\/p><p>Miguel \u00c1ngel Palomino Rebaza, siempre con el agro. Siempre con el pueblo.<\/p>\t\t\t\t\t\t\t\t<\/div>\n\t\t\t\t<\/div>\n\t\t\t\t<\/div>\n\t\t\t\t<\/div>\n\t\t\t\t\t<\/div>\n\t\t\t\t<\/div>\n\t\t\t\t<\/div>\n\t\t","protected":false},"excerpt":{"rendered":"<p>Periodista con alma de agricultor, voz del campo peruano Con m\u00e1s de dos d\u00e9cadas en el ejercicio period\u00edstico, mi compromiso naci\u00f3desde los micr\u00f3fonos de Radio Studio 54 en el programa period\u00edsticoTestimonio, pas\u00f3 por las redacciones de El Diario de Chimbote, y continu\u00f3 enRTCH, Karibe\u00f1a y hoy en d\u00eda en Radio Santo Domingo (RSD), donde siguelatiendo [&hellip;]<\/p>\n","protected":false},"author":1,"featured_media":0,"parent":0,"menu_order":0,"comment_status":"closed","ping_status":"closed","template":"","meta":{"footnotes":""},"class_list":["post-4697","page","type-page","status-publish","hentry"],"aioseo_notices":[],"_links":{"self":[{"href":"https:\/\/www.agriculturaenmarcha.com\/index.php\/wp-json\/wp\/v2\/pages\/4697","targetHints":{"allow":["GET"]}}],"collection":[{"href":"https:\/\/www.agriculturaenmarcha.com\/index.php\/wp-json\/wp\/v2\/pages"}],"about":[{"href":"https:\/\/www.agriculturaenmarcha.com\/index.php\/wp-json\/wp\/v2\/types\/page"}],"author":[{"embeddable":true,"href":"https:\/\/www.agriculturaenmarcha.com\/index.php\/wp-json\/wp\/v2\/users\/1"}],"replies":[{"embeddable":true,"href":"https:\/\/www.agriculturaenmarcha.com\/index.php\/wp-json\/wp\/v2\/comments?post=4697"}],"version-history":[{"count":6,"href":"https:\/\/www.agriculturaenmarcha.com\/index.php\/wp-json\/wp\/v2\/pages\/4697\/revisions"}],"predecessor-version":[{"id":4745,"href":"https:\/\/www.agriculturaenmarcha.com\/index.php\/wp-json\/wp\/v2\/pages\/4697\/revisions\/4745"}],"wp:attachment":[{"href":"https:\/\/www.agriculturaenmarcha.com\/index.php\/wp-json\/wp\/v2\/media?parent=4697"}],"curies":[{"name":"wp","href":"https:\/\/api.w.org\/{rel}","templated":true}]}}